{"id":101321,"date":"2018-06-18T14:42:27","date_gmt":"2018-06-18T12:42:27","guid":{"rendered":"https:\/\/www.orvietointerrazza.com\/scopri-orvieto\/"},"modified":"2023-02-03T11:58:00","modified_gmt":"2023-02-03T10:58:00","slug":"orvieto","status":"publish","type":"page","link":"https:\/\/www.orvietointerrazza.com\/es\/orvieto\/","title":{"rendered":"Orvieto"},"content":{"rendered":"<div class=\"wpb-content-wrapper\"><p>[vc_row][vc_column width=\u00bb1\/1&#8243;][vc_separator sep_color=\u00bbcolor-lxmt\u00bb icon=\u00bbfa fa-arrow-down\u00bb uncode_shortcode_id=\u00bb112200&#8243; sep_color_type=\u00bbuncode-palette\u00bb el_height=\u00bb10px\u00bb][\/vc_column][\/vc_row][vc_row][vc_column][vc_column_text text_color=\u00bbaccent\u00bb uncode_shortcode_id=\u00bb157941&#8243; text_color_type=\u00bbuncode-palette\u00bb]Orvieto es una ciudad que habla de historia, arte y naturaleza. Un pasado de varias \u00e9pocas y civilizaciones ha caracterizado el patrimonio art\u00edstico y cultural de su centro hist\u00f3rico.<\/p>\n<p>Desde los primeros testimonios y herencia de la refinada civilizaci\u00f3n etrusca, pasando por el tormentoso advenimiento de los romanos, hasta el nuevo esplendor de la Edad Media, Orvieto ha visto cambiar su fisonom\u00eda urbana y pol\u00edtica, que hoy se puede admirar en su centro hist\u00f3rico en una escala humana donde se encuentran nobles palacios, iglesias, museos y monumentos \u00fanicos en su g\u00e9nero, entre todos la majestuosa Catedral y el sugerente Pozzo di San Patrizio.<\/p>\n<p>Otro aspecto caracter\u00edstico de Orvieto es su conformaci\u00f3n geol\u00f3gica con el acantilado tob\u00e1ceo sobre el que se asienta y que esconde otra ciudad dentro de la ciudad subterr\u00e1nea. De hecho, existen numerosos lugares y atracciones subterr\u00e1neas donde la naturaleza y la historia se encuentran. Entre estos, muchos se han convertido en atracciones para visitar y accesibles, como el metro de Orvieto, el Laberinto de Adriano, el Pozzo della Cava y el s\u00f3tano de la iglesia de Sant&#8217;Andrea.<\/p>\n<p>Finalmente, la arqueolog\u00eda con el legado hist\u00f3rico de la civilizaci\u00f3n etrusca que ha dejado importantes huellas en Orvieto, como la necr\u00f3polis etrusca de Tufo y Cannicella, el templo de Belvedere y el \u00e1rea de excavaci\u00f3n de Campo della Fiera, probable sitio de lo que fue el gran santuario federal de los etruscos: el Fanum Voltumnae. Preciosos hallazgos se exhiben en los principales museos de la ciudad donde se pueden admirar jarrones, objetos cotidianos, estatuas y frisos.<\/p>\n<p>Los alrededores de Orvieto dejan espacio para la naturaleza y los pueblos, en el norte de Lazio, la provincia cercana de Viterbo alberga lugares encantadores como Civita di Bagnoregio, Torre Alfina, Bolsena con su gran lago para ba\u00f1arse, Bomarzo con el famoso \u00abParco dei Mostri\u00bb. . Sin embargo, al norte, en los territorios de la Baja Toscana hay lugares de inter\u00e9s tur\u00edstico famosos y apreciados, entre estos: San Casciano dei Bagni, Pienza, Montepulciano, Bagno Vignoni, Pitigliano, Sovana.<\/p>\n<p>Cada a\u00f1o, Orvieto es tambi\u00e9n escenario de numerosos eventos, algunos de los cuales son muy importantes y fuente de gran atractivo tur\u00edstico, como las fiestas religiosas de Palombella y Corpus Domini con la solemne procesi\u00f3n religiosa y el desfile de la procesi\u00f3n hist\u00f3rica, el Umbria Jazz. Invierno de fin de a\u00f1o, el Pesebre en el Pozo. Adem\u00e1s de estos actos tradicionales, cada a\u00f1o se organizan peque\u00f1os actos locales y fiestas gastron\u00f3micas y vin\u00edcolas en la zona.<\/p>\n<p>Distancias &gt; Roma (110 km ), Florencia (149 km ), Perugia (66 km ), Terni (75 km ), Siena (120 km) As\u00eds (70 km ), Todi (30 km), Bolsena (20 km ), Viterbo (45km).<\/p>\n<p>M\u00e1s informaci\u00f3n sobre qu\u00e9 hacer y ver en Orvieto: <a href=\"https:\/\/www.orvietoviva.com\/\">https:\/\/www.orvietoviva.com\/<\/a>[\/vc_column_text][\/vc_column][\/vc_row]<\/p>\n<\/div>","protected":false},"excerpt":{"rendered":"<p>[vc_row][vc_column width=\u00bb1\/1&#8243;][vc_separator sep_color=\u00bbcolor-lxmt\u00bb icon=\u00bbfa fa-arrow-down\u00bb uncode_shortcode_id=\u00bb112200&#8243; sep_color_type=\u00bbuncode-palette\u00bb el_height=\u00bb10px\u00bb][\/vc_column][\/vc_row][vc_row][vc_column][vc_column_text text_color=\u00bbaccent\u00bb uncode_shortcode_id=\u00bb157941&#8243; text_color_type=\u00bbuncode-palette\u00bb]Orvieto es una ciudad que habla de historia, arte y [&hellip;]<\/p>\n","protected":false},"author":1,"featured_media":0,"parent":0,"menu_order":0,"comment_status":"closed","ping_status":"closed","template":"","meta":{"ngg_post_thumbnail":0,"footnotes":""},"class_list":["post-101321","page","type-page","status-publish","hentry"],"aioseo_notices":[],"_links":{"self":[{"href":"https:\/\/www.orvietointerrazza.com\/es\/wp-json\/wp\/v2\/pages\/101321","targetHints":{"allow":["GET"]}}],"collection":[{"href":"https:\/\/www.orvietointerrazza.com\/es\/wp-json\/wp\/v2\/pages"}],"about":[{"href":"https:\/\/www.orvietointerrazza.com\/es\/wp-json\/wp\/v2\/types\/page"}],"author":[{"embeddable":true,"href":"https:\/\/www.orvietointerrazza.com\/es\/wp-json\/wp\/v2\/users\/1"}],"replies":[{"embeddable":true,"href":"https:\/\/www.orvietointerrazza.com\/es\/wp-json\/wp\/v2\/comments?post=101321"}],"version-history":[{"count":3,"href":"https:\/\/www.orvietointerrazza.com\/es\/wp-json\/wp\/v2\/pages\/101321\/revisions"}],"predecessor-version":[{"id":101325,"href":"https:\/\/www.orvietointerrazza.com\/es\/wp-json\/wp\/v2\/pages\/101321\/revisions\/101325"}],"wp:attachment":[{"href":"https:\/\/www.orvietointerrazza.com\/es\/wp-json\/wp\/v2\/media?parent=101321"}],"curies":[{"name":"wp","href":"https:\/\/api.w.org\/{rel}","templated":true}]}}