{"id":101290,"date":"2021-09-27T11:40:10","date_gmt":"2021-09-27T09:40:10","guid":{"rendered":"https:\/\/www.orvietointerrazza.com\/habitaciones\/mansarda\/"},"modified":"2023-06-26T07:50:59","modified_gmt":"2023-06-26T05:50:59","slug":"mansarda","status":"publish","type":"page","link":"https:\/\/www.orvietointerrazza.com\/es\/habitaciones\/mansarda\/","title":{"rendered":"Mansarda"},"content":{"rendered":"<div class=\"wpb-content-wrapper\"><p>[vc_row][vc_column width=\u00bb1\/1&#8243;][vc_separator sep_color=\u00bbcolor-gyho\u00bb icon=\u00bbfa fa-bed\u00bb uncode_shortcode_id=\u00bb993092&#8243; sep_color_type=\u00bbuncode-palette\u00bb el_height=\u00bb10px\u00bb][\/vc_column][\/vc_row][vc_row][vc_column width=\u00bb1\/2&#8243;][vc_column_text uncode_shortcode_id=\u00bb186764&#8243;]<\/p>\n<div class=\"uncode_text_column text-color-nhtu-color\">Habitaci\u00f3n caracter\u00edstica ubicada en el \u00e1tico con ba\u00f1o interno con ducha y equipada con TV, aire acondicionado, internet wi-fi.<\/div>\n<p>[\/vc_column_text][\/vc_column][vc_column width=\u00bb1\/2&#8243;][vc_column_text border_color=\u00bbtransparent\u00bb uncode_shortcode_id=\u00bb144837&#8243; border_color_type=\u00bbuncode-palette\u00bb]<\/p>\n<div class=\"uncode_text_column text-color-nhtu-color\">\n<ul>\n<li>Ocupaci\u00f3n: 2-3 personas<\/li>\n<li>Dimensiones: 14 m2<\/li>\n<\/ul>\n<\/div>\n<p>[\/vc_column_text][\/vc_column][\/vc_row][vc_row][vc_column width=\u00bb1\/1&#8243;][vc_gallery el_id=\u00bbgallery-177182&#8243; medias=\u00bb101469,101472,101475,101478,101481,101484,101487,101541&#8243; style_preset=\u00bbmetro\u00bb gallery_back_color=\u00bbcolor-xsdn\u00bb gutter_size=\u00bb2&#8243; inner_padding=\u00bbyes\u00bb screen_lg=\u00bb1000&#8243; screen_md=\u00bb600&#8243; screen_sm=\u00bb480&#8243; single_width=\u00bb3&#8243; single_overlay_opacity=\u00bb50&#8243; single_padding=\u00bb2&#8243; uncode_shortcode_id=\u00bb568218&#8243; gallery_back_color_type=\u00bbuncode-palette\u00bb][\/vc_column][\/vc_row][vc_row][vc_column width=\u00bb1\/1&#8243;][vc_column_text text_color=\u00bbaccent\u00bb uncode_shortcode_id=\u00bb267887&#8243; text_color_type=\u00bbuncode-palette\u00bb]<\/p>\n<h4 style=\"text-align: center;\"><strong>Verifica disponibilit\u00e0 e Prenota ora!<\/strong><\/h4>\n<p style=\"text-align: center;\">Sconti per lunghi soggiorni, si accettano cani di piccola taglia. Uso lavatrice e cucina da concordare in loco<b>.<br \/>\n<\/b><\/p>\n<p style=\"text-align: center;\">Check-in: 15:00-20:00 (Per arrivi in ritardo si prega di avvertire la reception) \u2013 Check-out: entro le 10:00<\/p>\n<p>[\/vc_column_text][vc_column_text uncode_shortcode_id=\u00bb830683&#8243;]<!-- Inizio - Booking Bed-and-breakfast.it --><script type=\"text\/javascript\" src=\"https:\/\/www.bed-and-breakfast.it\/scripts\/widget-richieste\/widget.cfm?idbooking=3235&amp;l=it&amp;colore=ir_bianco_piatto&amp;orientamento=ir_responsive&amp;wl=1\"><\/script><!-- Fine - Booking Bed-and-breakfast.it -->[\/vc_column_text][\/vc_column][\/vc_row]<\/p>\n<\/div>","protected":false},"excerpt":{"rendered":"<p>[vc_row][vc_column width=\u00bb1\/1&#8243;][vc_separator sep_color=\u00bbcolor-gyho\u00bb icon=\u00bbfa fa-bed\u00bb uncode_shortcode_id=\u00bb993092&#8243; sep_color_type=\u00bbuncode-palette\u00bb el_height=\u00bb10px\u00bb][\/vc_column][\/vc_row][vc_row][vc_column width=\u00bb1\/2&#8243;][vc_column_text uncode_shortcode_id=\u00bb186764&#8243;] Habitaci\u00f3n caracter\u00edstica ubicada en el \u00e1tico con ba\u00f1o interno con [&hellip;]<\/p>\n","protected":false},"author":1,"featured_media":101466,"parent":101264,"menu_order":0,"comment_status":"closed","ping_status":"closed","template":"","meta":{"ngg_post_thumbnail":0,"footnotes":""},"class_list":["post-101290","page","type-page","status-publish","has-post-thumbnail","hentry"],"aioseo_notices":[],"_links":{"self":[{"href":"https:\/\/www.orvietointerrazza.com\/es\/wp-json\/wp\/v2\/pages\/101290","targetHints":{"allow":["GET"]}}],"collection":[{"href":"https:\/\/www.orvietointerrazza.com\/es\/wp-json\/wp\/v2\/pages"}],"about":[{"href":"https:\/\/www.orvietointerrazza.com\/es\/wp-json\/wp\/v2\/types\/page"}],"author":[{"embeddable":true,"href":"https:\/\/www.orvietointerrazza.com\/es\/wp-json\/wp\/v2\/users\/1"}],"replies":[{"embeddable":true,"href":"https:\/\/www.orvietointerrazza.com\/es\/wp-json\/wp\/v2\/comments?post=101290"}],"version-history":[{"count":2,"href":"https:\/\/www.orvietointerrazza.com\/es\/wp-json\/wp\/v2\/pages\/101290\/revisions"}],"predecessor-version":[{"id":101579,"href":"https:\/\/www.orvietointerrazza.com\/es\/wp-json\/wp\/v2\/pages\/101290\/revisions\/101579"}],"up":[{"embeddable":true,"href":"https:\/\/www.orvietointerrazza.com\/es\/wp-json\/wp\/v2\/pages\/101264"}],"wp:featuredmedia":[{"embeddable":true,"href":"https:\/\/www.orvietointerrazza.com\/es\/wp-json\/wp\/v2\/media\/101466"}],"wp:attachment":[{"href":"https:\/\/www.orvietointerrazza.com\/es\/wp-json\/wp\/v2\/media?parent=101290"}],"curies":[{"name":"wp","href":"https:\/\/api.w.org\/{rel}","templated":true}]}}