{"id":101210,"date":"2013-10-24T07:20:14","date_gmt":"2013-10-24T07:20:14","guid":{"rendered":"https:\/\/www.orvietointerrazza.com\/home\/"},"modified":"2024-08-28T08:56:43","modified_gmt":"2024-08-28T06:56:43","slug":"home","status":"publish","type":"page","link":"https:\/\/www.orvietointerrazza.com\/es\/","title":{"rendered":"Homepage"},"content":{"rendered":"<div class=\"wpb-content-wrapper\"><p>[vc_row unlock_row_content=\u00bbyes\u00bb row_height_percent=\u00bb0&#8243; overlay_alpha=\u00bb50&#8243; gutter_size=\u00bb0&#8243; column_width_percent=\u00bb100&#8243; shift_y=\u00bb0&#8243; z_index=\u00bb0&#8243; uncode_shortcode_id=\u00bb997939&#8243;][vc_column column_width_percent=\u00bb100&#8243; gutter_size=\u00bb0&#8243; override_padding=\u00bbyes\u00bb column_padding=\u00bb0&#8243; expand_height=\u00bbyes\u00bb overlay_alpha=\u00bb50&#8243; shift_x=\u00bb0&#8243; shift_y=\u00bb0&#8243; shift_y_down=\u00bb0&#8243; z_index=\u00bb0&#8243; medium_width=\u00bb0&#8243; mobile_width=\u00bb0&#8243; width=\u00bb1\/1&#8243; uncode_shortcode_id=\u00bb142557&#8243; css=\u00bb.vc_custom_1632731624903{border-bottom-width: 20px !important;}\u00bb]\n\t\t\t<!-- START HOME SPA REVOLUTION SLIDER 6.7.40 --><p class=\"rs-p-wp-fix\"><\/p>\n\t\t\t<rs-module-wrap id=\"rev_slider_3_1_wrapper\" data-source=\"gallery\" style=\"visibility:hidden;background:transparent;padding:0;margin:0px auto;margin-top:0;margin-bottom:0;\">\n\t\t\t\t<rs-module id=\"rev_slider_3_1\" style=\"\" data-version=\"6.7.40\">\n\t\t\t\t\t<rs-slides style=\"overflow: hidden; position: absolute;\">\n\t\t\t\t\t\t<rs-slide style=\"position: absolute;\" data-key=\"rs-11\" data-title=\"Slide\" data-thumb=\"\/\/www.orvietointerrazza.com\/wp-content\/uploads\/2023\/06\/terrazza-orvietointerrazza-50x100.jpg\" data-anim=\"adpr:false;\" data-in=\"o:0;\" data-out=\"a:false;\">\n\t\t\t\t\t\t\t<img decoding=\"async\" src=\"\/\/www.orvietointerrazza.com\/wp-content\/plugins\/revslider\/sr6\/assets\/assets\/dummy.png\" alt=\"\" title=\"terrazza-orvietointerrazza\" width=\"1920\" height=\"1280\" class=\"rev-slidebg tp-rs-img rs-lazyload\" data-lazyload=\"\/\/www.orvietointerrazza.com\/wp-content\/uploads\/2023\/06\/terrazza-orvietointerrazza.jpg\" data-no-retina>\n<!---->\t\t\t\t\t<\/rs-slide>\n\t\t\t\t\t\t<rs-slide style=\"position: absolute;\" data-key=\"rs-10\" data-title=\"Slide\" data-thumb=\"\/\/www.orvietointerrazza.com\/wp-content\/uploads\/2023\/06\/mansarda-slide-50x100.jpg\" data-anim=\"adpr:false;\" data-in=\"o:0;\" data-out=\"a:false;\">\n\t\t\t\t\t\t\t<img decoding=\"async\" src=\"\/\/www.orvietointerrazza.com\/wp-content\/plugins\/revslider\/sr6\/assets\/assets\/dummy.png\" alt=\"\" title=\"mansarda-slide\" width=\"1920\" height=\"1280\" class=\"rev-slidebg tp-rs-img rs-lazyload\" data-lazyload=\"\/\/www.orvietointerrazza.com\/wp-content\/uploads\/2023\/06\/mansarda-slide.jpg\" data-no-retina>\n<!---->\t\t\t\t\t<\/rs-slide>\n\t\t\t\t\t\t<rs-slide style=\"position: absolute;\" data-key=\"rs-12\" data-title=\"Slide\" data-thumb=\"\/\/www.orvietointerrazza.com\/wp-content\/uploads\/2023\/06\/orvietointerrazza-2023-50x100.jpg\" data-anim=\"adpr:false;\" data-in=\"o:0;\" data-out=\"a:false;\">\n\t\t\t\t\t\t\t<img decoding=\"async\" src=\"\/\/www.orvietointerrazza.com\/wp-content\/plugins\/revslider\/sr6\/assets\/assets\/dummy.png\" alt=\"\" title=\"orvietointerrazza-2023\" width=\"1920\" height=\"1280\" class=\"rev-slidebg tp-rs-img rs-lazyload\" data-lazyload=\"\/\/www.orvietointerrazza.com\/wp-content\/uploads\/2023\/06\/orvietointerrazza-2023.jpg\" data-no-retina>\n<!---->\t\t\t\t\t<\/rs-slide>\n\t\t\t\t\t\t<rs-slide style=\"position: absolute;\" data-key=\"rs-9\" data-title=\"Slide\" data-thumb=\"\/\/www.orvietointerrazza.com\/wp-content\/uploads\/2023\/06\/targa-slide-50x100.jpg\" data-anim=\"adpr:false;\" data-in=\"o:0;\" data-out=\"a:false;\">\n\t\t\t\t\t\t\t<img decoding=\"async\" src=\"\/\/www.orvietointerrazza.com\/wp-content\/plugins\/revslider\/sr6\/assets\/assets\/dummy.png\" alt=\"\" title=\"targa-slide\" width=\"1920\" height=\"1280\" class=\"rev-slidebg tp-rs-img rs-lazyload\" data-lazyload=\"\/\/www.orvietointerrazza.com\/wp-content\/uploads\/2023\/06\/targa-slide.jpg\" data-no-retina>\n<!---->\t\t\t\t\t<\/rs-slide>\n\t\t\t\t\t<\/rs-slides>\n\t\t\t\t\t<rs-static-layers><!--\n\n\t\t\t\t\t\t\t--><rs-layer\n\t\t\t\t\t\t\t\tid=\"slider-3-slide-3-layer-0\" \n\t\t\t\t\t\t\t\tclass=\"rs-layer-static\"\n\t\t\t\t\t\t\t\tdata-type=\"text\"\n\t\t\t\t\t\t\t\tdata-bsh=\"c:rgba(0,0,0,0.5);\"\n\t\t\t\t\t\t\t\tdata-tsh=\"c:rgba(0,0,0,0.75);h:5px,4px,3px,1px;b:10px,8px,6px,3px;\"\n\t\t\t\t\t\t\t\tdata-rsp_ch=\"on\"\n\t\t\t\t\t\t\t\tdata-xy=\"xo:11px,9px,6px,3px;y:m;yo:-11px,-9px,-6px,-3px;\"\n\t\t\t\t\t\t\t\tdata-text=\"w:normal;s:110,90,68,41;l:50,41,31,19;a:center;\"\n\t\t\t\t\t\t\t\tdata-dim=\"minh:0px,none,none,none;\"\n\t\t\t\t\t\t\t\tdata-onslides=\"s:1;\"\n\t\t\t\t\t\t\t\tdata-frame_1=\"st:100;sp:550;sR:100;\"\n\t\t\t\t\t\t\t\tdata-frame_999=\"o:0;st:w;sR:8350;\"\n\t\t\t\t\t\t\t\tstyle=\"z-index:10;font-family:'Roboto Condensed';text-transform:uppercase;\"\n\t\t\t\t\t\t\t>  Orvieto in terrazza <br \/>\n  \n\t\t\t\t\t\t\t<\/rs-layer><!--\n\n\t\t\t\t\t\t\t--><rs-layer\n\t\t\t\t\t\t\t\tid=\"slider-3-slide-3-layer-1\" \n\t\t\t\t\t\t\t\tclass=\"rs-layer-static\"\n\t\t\t\t\t\t\t\tdata-type=\"text\"\n\t\t\t\t\t\t\t\tdata-bsh=\"c:rgba(0,0,0,0.5);\"\n\t\t\t\t\t\t\t\tdata-tsh=\"c:rgba(0,0,0,0.75);h:5px,4px,3px,1px;b:10px,8px,6px,3px;\"\n\t\t\t\t\t\t\t\tdata-rsp_ch=\"on\"\n\t\t\t\t\t\t\t\tdata-xy=\"xo:16px,13px,9px,5px;y:m;yo:66px,54px,41px,25px;\"\n\t\t\t\t\t\t\t\tdata-text=\"w:normal;s:50,41,31,19;l:50,41,31,19;a:center;\"\n\t\t\t\t\t\t\t\tdata-dim=\"minh:0px,none,none,none;\"\n\t\t\t\t\t\t\t\tdata-onslides=\"s:1;\"\n\t\t\t\t\t\t\t\tdata-frame_1=\"st:1040;sp:880;sR:1040;\"\n\t\t\t\t\t\t\t\tdata-frame_999=\"o:0;st:w;sp:430;sR:7080;\"\n\t\t\t\t\t\t\t\tstyle=\"z-index:9;font-family:'Roboto Condensed';\"\n\t\t\t\t\t\t\t>En el centro hist\u00f3rico, hospitalidad y cortes\u00eda<br \/>\n  \n\t\t\t\t\t\t\t<\/rs-layer><!--\n\t\t\t\t\t--><\/rs-static-layers>\n\t\t\t\t<\/rs-module>\n\t\t\t\t<script>\n\t\t\t\t\tsetREVStartSize({c: 'rev_slider_3_1',rl:[1240,1024,778,480],el:[900,768,960,720],gw:[1240,1024,778,480],gh:[900,768,960,720],type:'standard',justify:'',layout:'fullwidth',mh:\"0\"});if (window.RS_MODULES!==undefined && window.RS_MODULES.modules!==undefined && window.RS_MODULES.modules[\"revslider31\"]!==undefined) {window.RS_MODULES.modules[\"revslider31\"].once = false;window.revapi3 = undefined;if (window.RS_MODULES.checkMinimal!==undefined) window.RS_MODULES.checkMinimal()}\n\t\t\t\t<\/script>\n\t\t\t<\/rs-module-wrap>\n\t\t\t<!-- END REVOLUTION SLIDER -->\n[\/vc_column][\/vc_row][vc_row][vc_column width=\u00bb1\/2&#8243;][vc_empty_space empty_h=\u00bb1&#8243;][vc_column_text text_color=\u00bbaccent\u00bb uncode_shortcode_id=\u00bb207651&#8243; text_color_type=\u00bbuncode-palette\u00bb]Orvieto en Terrazza es un apartamento recientemente renovado y amueblado con atenci\u00f3n a cada detalle para que la estancia de nuestros hu\u00e9spedes sea lo m\u00e1s agradable posible.<\/p>\n<p>Se encuentra en el segundo piso de un elegante edificio del siglo XIV, en el <strong>centro hist\u00f3rico de Orvieto<\/strong>, a tiro de piedra del barrio medieval y consta de 3 c\u00f3modas habitaciones, cocina, sala de estar, ba\u00f1o con ducha. el apartamento es autocalentable y est\u00e1 equipado con internet wifi. Posibilidad de parking gratuito para clientes.<\/p>\n<p>La zona es pac\u00edfica y tranquila y la ubicaci\u00f3n muy c\u00e9ntrica que le permite llegar a pie a todos los monumentos de la ciudad, lo convierten en un lugar perfecto para visitar c\u00f3modamente Orvieto.[\/vc_column_text][vc_empty_space empty_h=\u00bb2&#8243;][\/vc_column][vc_column width=\u00bb1\/2&#8243;][vc_empty_space empty_h=\u00bb1&#8243;][vc_row_inner][vc_column_inner width=\u00bb1\/2&#8243;][vc_single_image media=\u00bb101472&#8243; media_width_percent=\u00bb100&#8243; media_ratio=\u00bbone-one\u00bb uncode_shortcode_id=\u00bb103965&#8243; title=\u00bbMansarda\u00bb media_link=\u00bburl:https%3A%2F%2Fwww.orvietointerrazza.com%2Fes%2Fhabitaciones%2Fmansarda%2F\u00bb][\/vc_column_inner][vc_column_inner width=\u00bb1\/2&#8243;][vc_single_image media=\u00bb101438&#8243; media_width_percent=\u00bb100&#8243; media_ratio=\u00bbone-one\u00bb uncode_shortcode_id=\u00bb184725&#8243; title=\u00bbCamera Gialla\u00bb media_link=\u00bburl:https%3A%2F%2Fwww.orvietointerrazza.com%2Fes%2Fhabitaciones%2Fcamera-gialla%2F\u00bb][\/vc_column_inner][\/vc_row_inner][vc_row_inner][vc_column_inner width=\u00bb1\/2&#8243;][vc_single_image media=\u00bb101422&#8243; media_width_percent=\u00bb100&#8243; media_ratio=\u00bbone-one\u00bb uncode_shortcode_id=\u00bb195511&#8243; title=\u00bbCamera Bianca\u00bb media_link=\u00bburl:https%3A%2F%2Fwww.orvietointerrazza.com%2Fes%2Fhabitaciones%2Fcamera-bianca%2F\u00bb][\/vc_column_inner][vc_column_inner width=\u00bb1\/2&#8243;][\/vc_column_inner][\/vc_row_inner][\/vc_column][\/vc_row][vc_row][vc_column width=\u00bb1\/2&#8243;][vc_empty_space empty_h=\u00bb1&#8243;][vc_column_text text_color=\u00bbaccent\u00bb uncode_shortcode_id=\u00bb458173&#8243; text_color_type=\u00bbuncode-palette\u00bb]Descubre Orvieto, una ciudad rica en historia, arte, cultura y comida y vino. La Catedral y el magico Pozzo di San Patrizio son solo los principales monumentos de una ciudad que ofrece muchos otros atractivos que comienzan con sus evocadores pasajes subterr\u00e1neos y terminan con sus importantes sitios arqueol\u00f3gicos de la \u00e9poca etrusca.<\/p>\n<p>Finalmente, gracias a su posici\u00f3n en la frontera entre Lazio y Toscana, Orvieto tambi\u00e9n le permite visitar f\u00e1cilmente su vasto territorio donde hay bellezas hist\u00f3rico-naturalistas y pueblos medievales.[\/vc_column_text][vc_button button_color=\u00bbcolor-lxmt\u00bb size=\u00bbbtn-lg\u00bb border_width=\u00bb0&#8243; uncode_shortcode_id=\u00bb436680&#8243; button_color_type=\u00bbuncode-palette\u00bb icon=\u00bbfa fa-map-marker2&#8243;]Descubre Orvieto[\/vc_button][vc_empty_space empty_h=\u00bb2&#8243;][\/vc_column][vc_column width=\u00bb1\/2&#8243;][vc_empty_space empty_h=\u00bb1&#8243;][vc_single_image media=\u00bb388&#8243; media_width_percent=\u00bb100&#8243; uncode_shortcode_id=\u00bb141406&#8243;][vc_empty_space empty_h=\u00bb2&#8243;][\/vc_column][\/vc_row][vc_row unlock_row=\u00bb\u00bb row_height_percent=\u00bb0&#8243; overlay_alpha=\u00bb50&#8243; gutter_size=\u00bb3&#8243; column_width_percent=\u00bb100&#8243; shift_y=\u00bb0&#8243; z_index=\u00bb0&#8243; uncode_shortcode_id=\u00bb135994&#8243;][vc_column width=\u00bb1\/2&#8243;][vc_empty_space empty_h=\u00bb1&#8243;][vc_column_text text_color=\u00bbaccent\u00bb uncode_shortcode_id=\u00bb125689&#8243; text_color_type=\u00bbuncode-palette\u00bb]<\/p>\n<blockquote><p><strong>Alcune recensioni di clienti<\/strong><\/p>\n<p><em>In pieno centro storico, con una bella terrazza e camere spaziose. Consigliato per la visita della citt\u00e0<\/em><\/p>\n<hr>\n<p><em>La posizione della casa \u00e8 ottima, a 2 passi da un comodo parcheggio ( 1 euro ogni 24 ore) e dal centro. \u00c8 una situazione ideale per chi vuole scordarsi lo stress della macchina. Zona tranquilla. La terrazza \u00e8 graziosa e romantica.&nbsp;\u2026<\/em><\/p>\n<hr>\n<p><em>Ospitale e comodo, bellissima la terrazza da cui si apprezza un panorama stupendo della citt\u00e0&#8230;<\/em><\/p><\/blockquote>\n<p>[\/vc_column_text][vc_button button_color=\u00bbcolor-105898&#8243; size=\u00bbbtn-lg\u00bb border_width=\u00bb0&#8243; uncode_shortcode_id=\u00bb430551&#8243; button_color_type=\u00bbuncode-palette\u00bb icon=\u00bbfa fa-thumbs-o-up\u00bb link=\u00bburl:https%3A%2F%2Fg.page%2Fr%2FCTMGuGTJsNtwEAE%2Freview\u00bb]Valuta Orvieto in Terrazza[\/vc_button][vc_empty_space empty_h=\u00bb2&#8243;][\/vc_column][vc_column width=\u00bb1\/2&#8243;][vc_empty_space empty_h=\u00bb1&#8243;][vc_single_image media=\u00bb100979&#8243; media_width_percent=\u00bb100&#8243; uncode_shortcode_id=\u00bb158128&#8243;][vc_empty_space empty_h=\u00bb2&#8243;][\/vc_column][\/vc_row][vc_row][vc_column width=\u00bb1\/1&#8243;][vc_column_text uncode_shortcode_id=\u00bb207598&#8243;]<\/p>\n<p style=\"text-align: center;\"><strong><img decoding=\"async\" class=\"aligncenter wp-image-101021 size-medium\" src=\"https:\/\/www.orvietointerrazza.com\/wp-content\/uploads\/2022\/02\/regione_umbria_Affittacamere_Orvieto_in_Terrazza_Orvieto-238x300.png\" alt=\"\" width=\"238\" height=\"300\" srcset=\"https:\/\/www.orvietointerrazza.com\/wp-content\/uploads\/2022\/02\/regione_umbria_Affittacamere_Orvieto_in_Terrazza_Orvieto-238x300.png 238w, https:\/\/www.orvietointerrazza.com\/wp-content\/uploads\/2022\/02\/regione_umbria_Affittacamere_Orvieto_in_Terrazza_Orvieto.png 258w\" sizes=\"(max-width: 238px) 100vw, 238px\" \/><br \/>\n<\/strong><\/p>\n<p><img decoding=\"async\" class=\"wp-image-101379 aligncenter\" src=\"https:\/\/www.orvietointerrazza.com\/wp-content\/uploads\/2023\/02\/loghiregione-300x69.png\" alt=\"\" width=\"339\" height=\"78\" srcset=\"https:\/\/www.orvietointerrazza.com\/wp-content\/uploads\/2023\/02\/loghiregione-300x69.png 300w, https:\/\/www.orvietointerrazza.com\/wp-content\/uploads\/2023\/02\/loghiregione-1024x234.png 1024w, https:\/\/www.orvietointerrazza.com\/wp-content\/uploads\/2023\/02\/loghiregione-768x176.png 768w, https:\/\/www.orvietointerrazza.com\/wp-content\/uploads\/2023\/02\/loghiregione.png 1280w\" sizes=\"(max-width: 339px) 100vw, 339px\" \/><\/p>\n<p style=\"text-align: center;\"><strong>ERDF \u2013 ROP 2014 \u2013 2020 AXIS 3 and AXIS 8 \u2013 ACTION 3.2.1 and 8.2.1<\/strong><br \/>\n<strong>UMBRIAPERTA: CALL FOR SUPPORT TO ACCOMMODATION ENTERPRISES<\/strong><br \/>\n<strong>Project \u201cDaniele Morroni\u201d<\/strong><\/p>\n<p>&nbsp;[\/vc_column_text][\/vc_column][\/vc_row]<\/p>\n<\/div>","protected":false},"excerpt":{"rendered":"<p>[vc_row unlock_row_content=\u00bbyes\u00bb row_height_percent=\u00bb0&#8243; overlay_alpha=\u00bb50&#8243; gutter_size=\u00bb0&#8243; column_width_percent=\u00bb100&#8243; shift_y=\u00bb0&#8243; z_index=\u00bb0&#8243; uncode_shortcode_id=\u00bb997939&#8243;][vc_column column_width_percent=\u00bb100&#8243; gutter_size=\u00bb0&#8243; override_padding=\u00bbyes\u00bb column_padding=\u00bb0&#8243; expand_height=\u00bbyes\u00bb overlay_alpha=\u00bb50&#8243; shift_x=\u00bb0&#8243; shift_y=\u00bb0&#8243; shift_y_down=\u00bb0&#8243; z_index=\u00bb0&#8243; medium_width=\u00bb0&#8243; [&hellip;]<\/p>\n","protected":false},"author":1,"featured_media":0,"parent":0,"menu_order":0,"comment_status":"closed","ping_status":"closed","template":"","meta":{"ngg_post_thumbnail":0,"footnotes":""},"class_list":["post-101210","page","type-page","status-publish","hentry"],"aioseo_notices":[],"_links":{"self":[{"href":"https:\/\/www.orvietointerrazza.com\/es\/wp-json\/wp\/v2\/pages\/101210","targetHints":{"allow":["GET"]}}],"collection":[{"href":"https:\/\/www.orvietointerrazza.com\/es\/wp-json\/wp\/v2\/pages"}],"about":[{"href":"https:\/\/www.orvietointerrazza.com\/es\/wp-json\/wp\/v2\/types\/page"}],"author":[{"embeddable":true,"href":"https:\/\/www.orvietointerrazza.com\/es\/wp-json\/wp\/v2\/users\/1"}],"replies":[{"embeddable":true,"href":"https:\/\/www.orvietointerrazza.com\/es\/wp-json\/wp\/v2\/comments?post=101210"}],"version-history":[{"count":9,"href":"https:\/\/www.orvietointerrazza.com\/es\/wp-json\/wp\/v2\/pages\/101210\/revisions"}],"predecessor-version":[{"id":101765,"href":"https:\/\/www.orvietointerrazza.com\/es\/wp-json\/wp\/v2\/pages\/101210\/revisions\/101765"}],"wp:attachment":[{"href":"https:\/\/www.orvietointerrazza.com\/es\/wp-json\/wp\/v2\/media?parent=101210"}],"curies":[{"name":"wp","href":"https:\/\/api.w.org\/{rel}","templated":true}]}}